{"id":2881,"date":"2025-08-08T18:00:52","date_gmt":"2025-08-08T21:00:52","guid":{"rendered":"https:\/\/raizfilmes.com\/?post_type=product&#038;p=2881"},"modified":"2025-08-08T22:36:13","modified_gmt":"2025-08-09T01:36:13","slug":"saudade-dos-leoes","status":"publish","type":"product","link":"https:\/\/raizfilmes.com\/en\/loja\/aluguel\/saudade-dos-leoes\/","title":{"rendered":"SAUDADE DOS LE\u00d5ES"},"content":{"rendered":"","protected":false},"excerpt":{"rendered":"<p><span class=\"Y2IQFc\" lang=\"pt\" style=\"color: #000000; font-family: Arial;\">Este filme \u00e9 alug\u00e1vel. Alugue este filme para ter acesso ao conte\u00fado completo por 3 dias a partir da compra!<\/span><\/p>","protected":false},"featured_media":2449,"comment_status":"open","ping_status":"closed","template":"","meta":{"_eb_attr":""},"product_brand":[],"product_cat":[206],"product_tag":[204,205,218],"class_list":{"0":"post-2881","1":"product","2":"type-product","3":"status-publish","4":"has-post-thumbnail","6":"product_cat-aluguel","7":"product_tag-aluguel","8":"product_tag-filme","9":"product_tag-saudade-dos-leoes","11":"first","12":"instock","13":"virtual","14":"sold-individually","15":"purchasable","16":"product-type-simple"},"_links":{"self":[{"href":"https:\/\/raizfilmes.com\/en\/wp-json\/wp\/v2\/product\/2881","targetHints":{"allow":["GET"]}}],"collection":[{"href":"https:\/\/raizfilmes.com\/en\/wp-json\/wp\/v2\/product"}],"about":[{"href":"https:\/\/raizfilmes.com\/en\/wp-json\/wp\/v2\/types\/product"}],"replies":[{"embeddable":true,"href":"https:\/\/raizfilmes.com\/en\/wp-json\/wp\/v2\/comments?post=2881"}],"version-history":[{"count":1,"href":"https:\/\/raizfilmes.com\/en\/wp-json\/wp\/v2\/product\/2881\/revisions"}],"predecessor-version":[{"id":2882,"href":"https:\/\/raizfilmes.com\/en\/wp-json\/wp\/v2\/product\/2881\/revisions\/2882"}],"wp:featuredmedia":[{"embeddable":true,"href":"https:\/\/raizfilmes.com\/en\/wp-json\/wp\/v2\/media\/2449"}],"wp:attachment":[{"href":"https:\/\/raizfilmes.com\/en\/wp-json\/wp\/v2\/media?parent=2881"}],"wp:term":[{"taxonomy":"product_brand","embeddable":true,"href":"https:\/\/raizfilmes.com\/en\/wp-json\/wp\/v2\/product_brand?post=2881"},{"taxonomy":"product_cat","embeddable":true,"href":"https:\/\/raizfilmes.com\/en\/wp-json\/wp\/v2\/product_cat?post=2881"},{"taxonomy":"product_tag","embeddable":true,"href":"https:\/\/raizfilmes.com\/en\/wp-json\/wp\/v2\/product_tag?post=2881"}],"curies":[{"name":"wp","href":"https:\/\/api.w.org\/{rel}","templated":true}]}}