{"id":2614,"date":"2025-02-06T12:36:15","date_gmt":"2025-02-06T15:36:15","guid":{"rendered":"https:\/\/raizfilmes.com\/?post_type=product&#038;p=2614"},"modified":"2025-10-15T14:05:44","modified_gmt":"2025-10-15T17:05:44","slug":"o-mar-nao-tem-cabelo","status":"publish","type":"product","link":"https:\/\/raizfilmes.com\/en\/loja\/aluguel\/o-mar-nao-tem-cabelo\/","title":{"rendered":"O MAR N\u00c3O TEM CABELO"},"content":{"rendered":"","protected":false},"excerpt":{"rendered":"<p><span class=\"Y2IQFc\" lang=\"pt\" style=\"color: #000000; font-family: Arial;\">Este filme \u00e9 alug\u00e1vel. Alugue este filme para ter acesso ao conte\u00fado completo por 3 dias a partir da compra!<\/span><\/p>","protected":false},"featured_media":2793,"comment_status":"open","ping_status":"closed","template":"","meta":{"_eb_attr":""},"product_brand":[],"product_cat":[206],"product_tag":[204,205,219],"class_list":{"0":"post-2614","1":"product","2":"type-product","3":"status-publish","4":"has-post-thumbnail","6":"product_cat-aluguel","7":"product_tag-aluguel","8":"product_tag-filme","9":"product_tag-o-mar-nao-tem-cabelo","11":"first","12":"instock","13":"virtual","14":"sold-individually","15":"purchasable","16":"product-type-simple"},"_links":{"self":[{"href":"https:\/\/raizfilmes.com\/en\/wp-json\/wp\/v2\/product\/2614","targetHints":{"allow":["GET"]}}],"collection":[{"href":"https:\/\/raizfilmes.com\/en\/wp-json\/wp\/v2\/product"}],"about":[{"href":"https:\/\/raizfilmes.com\/en\/wp-json\/wp\/v2\/types\/product"}],"replies":[{"embeddable":true,"href":"https:\/\/raizfilmes.com\/en\/wp-json\/wp\/v2\/comments?post=2614"}],"version-history":[{"count":2,"href":"https:\/\/raizfilmes.com\/en\/wp-json\/wp\/v2\/product\/2614\/revisions"}],"predecessor-version":[{"id":2697,"href":"https:\/\/raizfilmes.com\/en\/wp-json\/wp\/v2\/product\/2614\/revisions\/2697"}],"wp:featuredmedia":[{"embeddable":true,"href":"https:\/\/raizfilmes.com\/en\/wp-json\/wp\/v2\/media\/2793"}],"wp:attachment":[{"href":"https:\/\/raizfilmes.com\/en\/wp-json\/wp\/v2\/media?parent=2614"}],"wp:term":[{"taxonomy":"product_brand","embeddable":true,"href":"https:\/\/raizfilmes.com\/en\/wp-json\/wp\/v2\/product_brand?post=2614"},{"taxonomy":"product_cat","embeddable":true,"href":"https:\/\/raizfilmes.com\/en\/wp-json\/wp\/v2\/product_cat?post=2614"},{"taxonomy":"product_tag","embeddable":true,"href":"https:\/\/raizfilmes.com\/en\/wp-json\/wp\/v2\/product_tag?post=2614"}],"curies":[{"name":"wp","href":"https:\/\/api.w.org\/{rel}","templated":true}]}}